{"id":1,"date":"2025-04-18T19:04:41","date_gmt":"2025-04-18T19:04:41","guid":{"rendered":"http:\/\/polyverse.cloud\/?page_id=1"},"modified":"2025-04-18T21:18:43","modified_gmt":"2025-04-18T19:18:43","slug":"home","status":"publish","type":"page","link":"https:\/\/polyverse.cloud\/de\/","title":{"rendered":"Start"},"content":{"rendered":"<p>Dies ist eine Beispielseite. Im Gegensatz zu Blogbeitr\u00e4gen, die auf der Startseite in der Reihenfolge ihrer Ver\u00f6ffentlichung angezeigt werden, eignen sich Seiten besser f\u00fcr zeitlose Inhalte, die leicht zug\u00e4nglich sein sollen, wie z. B. Ihre \u201e\u00dcber uns\u201c- oder Kontaktinformationen. Klicken Sie auf den Link \u201eBearbeiten\u201c, um \u00c4nderungen an dieser Seite vorzunehmen. <a title=\"Direkter Link zum Hinzuf\u00fcgen einer neuen Seite in Ihrem Dashboard\" href=\"https:\/\/wordpress.com\/page\/243687065\/new\/\">eine weitere Seite hinzuf\u00fcgen<\/a>.<\/p>","protected":false},"excerpt":{"rendered":"<p>Dies ist eine Beispielseite. Im Gegensatz zu Blogbeitr\u00e4gen, die auf der Startseite in der Reihenfolge ihrer Ver\u00f6ffentlichung angezeigt werden, eignen sich Seiten besser f\u00fcr zeitlose Inhalte, die leicht zug\u00e4nglich sein sollen, wie z. B. Ihre \u201e\u00dcber uns\u201c- oder Kontaktinformationen. Klicken Sie auf den Link \u201eBearbeiten\u201c, um \u00c4nderungen an dieser Seite vorzunehmen. <a title=\"Direkter Link zum Hinzuf\u00fcgen einer neuen Seite in Ihrem Dashboard\" href=\"https:\/\/wordpress.com\/page\/243687065\/new\/\">eine weitere Seite hinzuf\u00fcgen<\/a>.<\/p>","protected":false},"author":139290877,"featured_media":0,"parent":0,"menu_order":0,"comment_status":"closed","ping_status":"closed","template":"","meta":{"advanced_seo_description":"","jetpack_seo_html_title":"","jetpack_seo_noindex":false,"footnotes":""},"class_list":["post-1","page","type-page","status-publish","hentry"],"jetpack_sharing_enabled":true,"_links":{"self":[{"href":"https:\/\/polyverse.cloud\/de\/wp-json\/wp\/v2\/pages\/1","targetHints":{"allow":["GET"]}}],"collection":[{"href":"https:\/\/polyverse.cloud\/de\/wp-json\/wp\/v2\/pages"}],"about":[{"href":"https:\/\/polyverse.cloud\/de\/wp-json\/wp\/v2\/types\/page"}],"author":[{"embeddable":true,"href":"https:\/\/polyverse.cloud\/de\/wp-json\/wp\/v2\/users\/139290877"}],"replies":[{"embeddable":true,"href":"https:\/\/polyverse.cloud\/de\/wp-json\/wp\/v2\/comments?post=1"}],"version-history":[{"count":1,"href":"https:\/\/polyverse.cloud\/de\/wp-json\/wp\/v2\/pages\/1\/revisions"}],"predecessor-version":[{"id":10,"href":"https:\/\/polyverse.cloud\/de\/wp-json\/wp\/v2\/pages\/1\/revisions\/10"}],"wp:attachment":[{"href":"https:\/\/polyverse.cloud\/de\/wp-json\/wp\/v2\/media?parent=1"}],"curies":[{"name":"wp","href":"https:\/\/api.w.org\/{rel}","templated":true}]}}